{"id":314,"date":"2023-05-24T17:25:03","date_gmt":"2023-05-24T17:25:03","guid":{"rendered":"http:\/\/krysztofiak.pl\/?page_id=314"},"modified":"2023-07-22T21:54:38","modified_gmt":"2023-07-22T21:54:38","slug":"o-nas","status":"publish","type":"page","link":"https:\/\/krysztofiak.pl\/?page_id=314","title":{"rendered":"O nas"},"content":{"rendered":"\n<blockquote class=\"wp-block-quote\">\n<p class=\"has-text-align-right\" style=\"font-style:normal;font-weight:500\"><em>Jeste\u015bmy sp\u00f3\u0142k\u0105, kt\u00f3rej misj\u0105 jest edukacja i rozw\u00f3j spo\u0142ecze\u0144stwa obywatelskiego poprzez<br>zapewnienie dost\u0119pu do wiedzy z zakresu prawa pracy, zatrudnienia, dzia\u0142alno\u015bci zwi\u0105zk\u00f3w zawodowych, Human Resources, a tak\u017ce negocjacji i mediacji.<\/em><\/p>\n\n\n\n<p class=\"has-text-align-right\" style=\"font-style:normal;font-weight:500\"><em><br>Uwa\u017camy,&nbsp;\u017ce&nbsp;w&nbsp;demokratycznym pa\u0144stwie prawa gospodarka i biznes funkcjonuj\u0105 na rynku pracy w partnerstwie ze stron\u0105 spo\u0142eczn\u0105 w postaci zwi\u0105zk\u00f3w zawodowych czy organizacji&nbsp;pozarz\u0105dowych.<\/em><\/p>\n<\/blockquote>\n\n\n\n<div class=\"wp-block-cover is-light\" style=\"min-height:303px\"><span aria-hidden=\"true\" class=\"wp-block-cover__background has-background-dim-40 has-background-dim\"><\/span><img decoding=\"async\" loading=\"lazy\" width=\"1024\" height=\"1024\" class=\"wp-block-cover__image-background wp-image-543\" alt=\"\" src=\"https:\/\/krysztofiak.pl\/wp-content\/uploads\/2023\/07\/okno.png\" data-object-fit=\"cover\" srcset=\"https:\/\/krysztofiak.pl\/wp-content\/uploads\/2023\/07\/okno.png 1024w, https:\/\/krysztofiak.pl\/wp-content\/uploads\/2023\/07\/okno-300x300.png 300w, https:\/\/krysztofiak.pl\/wp-content\/uploads\/2023\/07\/okno-150x150.png 150w, https:\/\/krysztofiak.pl\/wp-content\/uploads\/2023\/07\/okno-768x768.png 768w\" sizes=\"(max-width: 1024px) 100vw, 1024px\" \/><div class=\"wp-block-cover__inner-container\">\n<p class=\"has-text-align-center has-large-font-size\"><\/p>\n\n\n\n<p><\/p>\n<\/div><\/div>\n\n\n\n<p><\/p>\n\n\n\n<blockquote class=\"wp-block-quote\">\n<p style=\"font-style:normal;font-weight:500\"><em>W naszych dzia\u0142aniach kierujemy si\u0119 etyk\u0105 i profesjonalizmem. Wiemy, \u017ce prawo pracy sk\u0142ada si\u0119&nbsp;z&nbsp;biznesu, edukacji obywatelskiej, praw cz\u0142owieka, wolno\u015bci zrzeszania si\u0119, ochrony zdrowia, dobrej legislacji i wymiaru sprawiedliwo\u015bci.<\/em> <\/p>\n<\/blockquote>\n\n\n\n<p class=\"has-text-align-left\" style=\"font-style:normal;font-weight:500\"><\/p>\n\n\n\n<blockquote class=\"wp-block-quote\">\n<p style=\"font-style:normal;font-weight:500\"><em>D\u0105\u017cymy do umacniania zasady sprawiedliwo\u015bci spo\u0142ecznej i poszanowania praw cz\u0142owieka. Wspieramy etyczny biznes i progresywne organizacje spo\u0142eczne.<\/em><\/p>\n\n\n\n<p class=\"has-text-align-left\" style=\"font-style:normal;font-weight:500\"><em>W trakcie rozwoju firmy, chcemy \u0142\u0105czy\u0107 nasz\u0105 wiedz\u0119 prawn\u0105 z nowoczesnymi rozwi\u0105zaniami technologicznymi i informatycznymi w celu zapewnienia szerokiej dost\u0119pno\u015bci do wiedzy na temat naszych praw.<\/em><span class=\"Apple-converted-space\">&nbsp;<\/span><\/p>\n<\/blockquote>\n\n\n\n<div class=\"wp-block-cover is-light\"><span aria-hidden=\"true\" class=\"wp-block-cover__background has-background-dim-40 has-background-dim\"><\/span><img decoding=\"async\" loading=\"lazy\" width=\"1024\" height=\"1024\" class=\"wp-block-cover__image-background wp-image-446\" alt=\"\" src=\"https:\/\/krysztofiak.pl\/wp-content\/uploads\/2023\/07\/DALL\u00b7E-2023-05-03-18.10.23-sylwetki-ludzi-odnoszacych-wspolny-sukces-w-pracy.png\" data-object-fit=\"cover\" srcset=\"https:\/\/krysztofiak.pl\/wp-content\/uploads\/2023\/07\/DALL\u00b7E-2023-05-03-18.10.23-sylwetki-ludzi-odnoszacych-wspolny-sukces-w-pracy.png 1024w, https:\/\/krysztofiak.pl\/wp-content\/uploads\/2023\/07\/DALL\u00b7E-2023-05-03-18.10.23-sylwetki-ludzi-odnoszacych-wspolny-sukces-w-pracy-300x300.png 300w, https:\/\/krysztofiak.pl\/wp-content\/uploads\/2023\/07\/DALL\u00b7E-2023-05-03-18.10.23-sylwetki-ludzi-odnoszacych-wspolny-sukces-w-pracy-150x150.png 150w, https:\/\/krysztofiak.pl\/wp-content\/uploads\/2023\/07\/DALL\u00b7E-2023-05-03-18.10.23-sylwetki-ludzi-odnoszacych-wspolny-sukces-w-pracy-768x768.png 768w\" sizes=\"(max-width: 1024px) 100vw, 1024px\" \/><div class=\"wp-block-cover__inner-container\">\n<p class=\"has-text-align-center has-large-font-size\"><\/p>\n<\/div><\/div>\n\n\n\n<p><\/p>\n\n\n\n<blockquote class=\"wp-block-quote\">\n<p class=\"has-text-align-left\" style=\"font-style:normal;font-weight:500\"><em>Patrzymy szeroko w przysz\u0142o\u015b\u0107, zdaj\u0105c sobie spraw\u0119, \u017ce krokiem do osi\u0105gni\u0119cia naszych cel\u00f3w mo\u017ce okaza\u0107 si\u0119 tak\u017ce prowadzenie dzia\u0142alno\u015bci lobbingowej w celu wprowadzenia odpowiednich rozwi\u0105za\u0144 prawnych pozwalaj\u0105cych na stworzenie przestrzeni do prawid\u0142owej relacji mi\u0119dzy stron\u0105 biznesow\u0105 a stron\u0105 spo\u0142eczn\u0105.<\/em><\/p>\n<\/blockquote>\n\n\n\n<p><\/p>\n\n\n\n<p class=\"has-text-align-center\"><b>Nasz wz\u00f3r na dzia\u0142anie to: Prawo + Praca = Partnerstwo<\/b><\/p>\n\n\n\n<div class=\"wp-block-cover alignfull\"><span aria-hidden=\"true\" class=\"wp-block-cover__background has-background-dim-30 has-background-dim\"><\/span><img decoding=\"async\" loading=\"lazy\" width=\"1024\" height=\"1000\" class=\"wp-block-cover__image-background wp-image-726\" alt=\"\" src=\"https:\/\/krysztofiak.pl\/wp-content\/uploads\/2023\/07\/szkolenia.jpeg\" data-object-fit=\"cover\" srcset=\"https:\/\/krysztofiak.pl\/wp-content\/uploads\/2023\/07\/szkolenia.jpeg 1024w, https:\/\/krysztofiak.pl\/wp-content\/uploads\/2023\/07\/szkolenia-300x293.jpeg 300w, https:\/\/krysztofiak.pl\/wp-content\/uploads\/2023\/07\/szkolenia-768x750.jpeg 768w\" sizes=\"(max-width: 1024px) 100vw, 1024px\" \/><div class=\"wp-block-cover__inner-container\">\n<p class=\"has-text-align-center has-large-font-size\"><\/p>\n<\/div><\/div>\n","protected":false},"excerpt":{"rendered":"<p>Jeste\u015bmy sp\u00f3\u0142k\u0105, kt\u00f3rej misj\u0105 jest edukacja i rozw\u00f3j spo\u0142ecze\u0144stwa obywatelskiego poprzezzapewnienie dost\u0119pu do wiedzy z zakresu prawa pracy, zatrudnienia, dzia\u0142alno\u015bci zwi\u0105zk\u00f3w zawodowych, Human Resources, a tak\u017ce negocjacji i mediacji. Uwa\u017camy,&nbsp;\u017ce&nbsp;w&nbsp;demokratycznym pa\u0144stwie prawa gospodarka i biznes funkcjonuj\u0105 na rynku pracy w partnerstwie ze stron\u0105 spo\u0142eczn\u0105 w postaci zwi\u0105zk\u00f3w zawodowych czy organizacji&nbsp;pozarz\u0105dowych.<a class=\"moretag\" href=\"https:\/\/krysztofiak.pl\/?page_id=314\"> Czytaj wi\u0119cej<\/a><\/p>\n","protected":false},"author":1,"featured_media":0,"parent":325,"menu_order":0,"comment_status":"closed","ping_status":"closed","template":"","meta":[],"_links":{"self":[{"href":"https:\/\/krysztofiak.pl\/index.php?rest_route=\/wp\/v2\/pages\/314"}],"collection":[{"href":"https:\/\/krysztofiak.pl\/index.php?rest_route=\/wp\/v2\/pages"}],"about":[{"href":"https:\/\/krysztofiak.pl\/index.php?rest_route=\/wp\/v2\/types\/page"}],"author":[{"embeddable":true,"href":"https:\/\/krysztofiak.pl\/index.php?rest_route=\/wp\/v2\/users\/1"}],"replies":[{"embeddable":true,"href":"https:\/\/krysztofiak.pl\/index.php?rest_route=%2Fwp%2Fv2%2Fcomments&post=314"}],"version-history":[{"count":47,"href":"https:\/\/krysztofiak.pl\/index.php?rest_route=\/wp\/v2\/pages\/314\/revisions"}],"predecessor-version":[{"id":742,"href":"https:\/\/krysztofiak.pl\/index.php?rest_route=\/wp\/v2\/pages\/314\/revisions\/742"}],"up":[{"embeddable":true,"href":"https:\/\/krysztofiak.pl\/index.php?rest_route=\/wp\/v2\/pages\/325"}],"wp:attachment":[{"href":"https:\/\/krysztofiak.pl\/index.php?rest_route=%2Fwp%2Fv2%2Fmedia&parent=314"}],"curies":[{"name":"wp","href":"https:\/\/api.w.org\/{rel}","templated":true}]}}