{"id":316,"date":"2023-05-24T17:26:47","date_gmt":"2023-05-24T17:26:47","guid":{"rendered":"http:\/\/krysztofiak.pl\/?page_id=316"},"modified":"2023-07-22T21:57:43","modified_gmt":"2023-07-22T21:57:43","slug":"oferta","status":"publish","type":"page","link":"https:\/\/krysztofiak.pl\/?page_id=316","title":{"rendered":"Oferta"},"content":{"rendered":"\n<p><\/p>\n\n\n\n<p style=\"text-transform:uppercase\"><strong>Dla Pracownika<\/strong><\/p>\n\n\n\n<blockquote class=\"wp-block-quote\">\n<p class=\"has-text-align-center\">Specjalizujemy si\u0119 w doradztwie, konsultingu oraz szkoleniach z zakresu prawa pracy i dzia\u0142alno\u015bci zwi\u0105zk\u00f3w zawodowych. <\/p>\n\n\n\n<p class=\"has-text-align-center\">Naszym celem jest pomaganie dzia\u0142aj\u0105cym organizacjom zwi\u0105zkowym <br>w osi\u0105ganiu ich cel\u00f3w, szerzenie idei zwi\u0105zkowej w\u015br\u00f3d pracownik\u00f3w i samozatrudnionych oraz<span class=\"Apple-converted-space\">&nbsp; <\/span>budowanie partnerskiej wsp\u00f3\u0142pracy zwi\u0105zk\u00f3w zawodowych z pracodawc\u0105 poprzez zapewnienie odpowiedniego wsparcia prawnego i szkoleniowego przy wykorzystaniu rozwi\u0105za\u0144 prawnych, <br>technik negocjacyjnych i szeroko poj\u0119tego Human Resources.<\/p>\n<\/blockquote>\n\n\n\n<p><strong>Oferujemy:<\/strong><\/p>\n\n\n\n<ul>\n<li>Przygotowywanie opinii akt\u00f3w prawnych, takich jak regulaminy pracy, regulaminy wynagradzania, regulaminy zak\u0142adowego funduszu \u015bwiadcze\u0144 socjalnych i komisji socjalnych oraz innych akt\u00f3w zak\u0142adowego prawa pracy, porozumie\u0144 zbiorowych i uk\u0142ad\u00f3w zbiorowych pracy.<\/li>\n\n\n\n<li>Konsultacje telefoniczne z naszymi ekspertami w dziedzinie prawa pracy i funkcjonowania zwi\u0105zk\u00f3w zawodowych w celu rozwi\u0105zania problem\u00f3w i rozwiania w\u0105tpliwo\u015bci zwi\u0105zanych <br>z dzia\u0142alno\u015bci\u0105 zwi\u0105zkow\u0105.<\/li>\n\n\n\n<li>Szkolenia dla dzia\u0142aczy zwi\u0105zkowych i innych cz\u0142onk\u00f3w organizacji, w tym szkolenia dotycz\u0105ce prawa pracy, negocjacji zbiorowych, spor\u00f3w zbiorowych i strategii zwi\u0105zkowej.<\/li>\n\n\n\n<li>Wsparcie w negocjacjach z pracodawc\u0105, mediacji i innych procesach, kt\u00f3re mog\u0105 pojawi\u0107 si\u0119 <br>w trakcie dzia\u0142a\u0144 zwi\u0105zkowych przy wykorzystaniu nowoczesnych technik HR.<\/li>\n\n\n\n<li>Pomoc w utworzeniu i rejestracji zwi\u0105zku zawodowego, w tym przygotowanie statutu zwi\u0105zku spe\u0142niaj\u0105cego wymagania ustawowe.<\/li>\n\n\n\n<li>Sta\u0142\u0105 obs\u0142ug\u0119 w zakresie prawa pracy i dzia\u0142alno\u015bci zwi\u0105zk\u00f3w zawodowych.<\/li>\n<\/ul>\n\n\n\n<blockquote class=\"wp-block-quote\">\n<p class=\"has-drop-cap\" style=\"font-style:normal;font-weight:500\">Jeste\u015bmy przekonani, \u017ce w dzisiejszych czasach potrzebne s\u0105 silne, skuteczne i progresywne zwi\u0105zki zawodowe, a takie mog\u0105 funkcjonowa\u0107 tylko z odpowiednim zapleczem prawnym i szkoleniowym. Wierzymy, \u017ce jako firma mo\u017cemy przyczyni\u0107 si\u0119 do rozwoju i wzmacniania ruchu zwi\u0105zkowego, poprzez \u015bwiadczenie us\u0142ug na najwy\u017cszym poziomie.<\/p>\n<\/blockquote>\n\n\n\n<p><\/p>\n\n\n\n<p style=\"text-transform:uppercase\"><strong>Dla Pracodawcy<\/strong><\/p>\n\n\n\n<blockquote class=\"wp-block-quote\">\n<p class=\"has-text-align-center\">Dla Pracodawc\u00f3w, dla kt\u00f3rych bliskie s\u0105 warto\u015bci wyznawane przez nasz\u0105 firm\u0119 oferujemy sta\u0142\u0105 obs\u0142ug\u0119 doradczo-szkoleniow\u0105 lub wybrane jej elementy.<\/p>\n<\/blockquote>\n\n\n\n<p><strong>Oferujemy:<\/strong><\/p>\n\n\n\n<ul>\n<li>Audyt pracowniczy obejmuj\u0105cy analiz\u0119 wprowadzonych akt\u00f3w zak\u0142adowego prawa pracy pod k\u0105tem zgodno\u015bci z prawem i zaleceniami Pa\u0144stwowej Inspekcji Pracy zako\u0144czony raportem zawieraj\u0105cym zalecenia i propozycje rozwi\u0105za\u0144.<\/li>\n\n\n\n<li>Szkolenia dla pracownik\u00f3w u\u015bwiadamiaj\u0105ce jakimi zasadami kieruje si\u0119 firma i usprawniaj\u0105ce przep\u0142yw informacji mi\u0119dzy zarz\u0105dzaj\u0105cymi a za\u0142og\u0105.<\/li>\n\n\n\n<li>Szkolenia z rozwi\u0105zywania konflikt\u00f3w i budowania zdrowej atmosfery pracy.<\/li>\n\n\n\n<li>Opracowanie procedury przeciwdzia\u0142ania zjawiskom niepo\u017c\u0105danym w zak\u0142adzie pracy.<\/li>\n\n\n\n<li>Wsparcie w zakresie kreowania polityki p\u0142acowej i system\u00f3w motywacyjnych.<\/li>\n\n\n\n<li>Doradztwo prawne dotycz\u0105ce stosunku pracy i \u015bwiadcze\u0144 z nim zwi\u0105zanych.<\/li>\n<\/ul>\n\n\n\n<blockquote class=\"wp-block-quote has-text-align-center\">\n<p class=\"has-drop-cap has-text-align-left\" style=\"font-style:normal;font-weight:500\">Naszym zdaniem odej\u015bcie od idei wrogo\u015bci i sprzecznych interes\u00f3w na rzecz wsp\u00f3\u0142pracy&nbsp;i&nbsp;poszukiwania wsp\u00f3lnych cel\u00f3w przyczyni si\u0119 do r\u00f3wnoczesnego rozwoju gospodarczego oraz poprawy warunk\u00f3w pracy i p\u0142acy pracownik\u00f3w poprzez wykorzystanie potencja\u0142u partnerstwa spo\u0142eczno-gospodarczego.<\/p>\n\n\n\n<p class=\"has-text-align-center\"><strong><a href=\"https:\/\/krysztofiak.pl\/?page_id=318\">Skontaktuj si\u0119 z nami<\/a><\/strong><\/p>\n<cite> i zyskaj partnera w pracy!<\/cite><\/blockquote>\n\n\n\n<div class=\"wp-block-cover alignfull is-light\" style=\"min-height:626px\"><span aria-hidden=\"true\" class=\"wp-block-cover__background has-background-dim\"><\/span><img decoding=\"async\" loading=\"lazy\" width=\"1024\" height=\"966\" class=\"wp-block-cover__image-background wp-image-390\" alt=\"\" src=\"http:\/\/krysztofiak.pl\/wp-content\/uploads\/2023\/07\/oferta.jpeg\" data-object-fit=\"cover\" srcset=\"https:\/\/krysztofiak.pl\/wp-content\/uploads\/2023\/07\/oferta.jpeg 1024w, https:\/\/krysztofiak.pl\/wp-content\/uploads\/2023\/07\/oferta-300x283.jpeg 300w, https:\/\/krysztofiak.pl\/wp-content\/uploads\/2023\/07\/oferta-768x725.jpeg 768w\" sizes=\"(max-width: 1024px) 100vw, 1024px\" \/><div class=\"wp-block-cover__inner-container\">\n<p class=\"has-text-align-center has-large-font-size\"><\/p>\n<\/div><\/div>\n","protected":false},"excerpt":{"rendered":"<p>Dla Pracownika Specjalizujemy si\u0119 w doradztwie, konsultingu oraz szkoleniach z zakresu prawa pracy i dzia\u0142alno\u015bci zwi\u0105zk\u00f3w zawodowych. Naszym celem jest pomaganie dzia\u0142aj\u0105cym organizacjom zwi\u0105zkowym w osi\u0105ganiu ich cel\u00f3w, szerzenie idei zwi\u0105zkowej w\u015br\u00f3d pracownik\u00f3w i samozatrudnionych oraz&nbsp; budowanie partnerskiej wsp\u00f3\u0142pracy zwi\u0105zk\u00f3w zawodowych z pracodawc\u0105 poprzez zapewnienie odpowiedniego wsparcia prawnego i szkoleniowego<a class=\"moretag\" href=\"https:\/\/krysztofiak.pl\/?page_id=316\"> Czytaj wi\u0119cej<\/a><\/p>\n","protected":false},"author":1,"featured_media":0,"parent":325,"menu_order":0,"comment_status":"closed","ping_status":"closed","template":"","meta":[],"_links":{"self":[{"href":"https:\/\/krysztofiak.pl\/index.php?rest_route=\/wp\/v2\/pages\/316"}],"collection":[{"href":"https:\/\/krysztofiak.pl\/index.php?rest_route=\/wp\/v2\/pages"}],"about":[{"href":"https:\/\/krysztofiak.pl\/index.php?rest_route=\/wp\/v2\/types\/page"}],"author":[{"embeddable":true,"href":"https:\/\/krysztofiak.pl\/index.php?rest_route=\/wp\/v2\/users\/1"}],"replies":[{"embeddable":true,"href":"https:\/\/krysztofiak.pl\/index.php?rest_route=%2Fwp%2Fv2%2Fcomments&post=316"}],"version-history":[{"count":21,"href":"https:\/\/krysztofiak.pl\/index.php?rest_route=\/wp\/v2\/pages\/316\/revisions"}],"predecessor-version":[{"id":743,"href":"https:\/\/krysztofiak.pl\/index.php?rest_route=\/wp\/v2\/pages\/316\/revisions\/743"}],"up":[{"embeddable":true,"href":"https:\/\/krysztofiak.pl\/index.php?rest_route=\/wp\/v2\/pages\/325"}],"wp:attachment":[{"href":"https:\/\/krysztofiak.pl\/index.php?rest_route=%2Fwp%2Fv2%2Fmedia&parent=316"}],"curies":[{"name":"wp","href":"https:\/\/api.w.org\/{rel}","templated":true}]}}