{"id":318,"date":"2023-05-24T17:27:54","date_gmt":"2023-05-24T17:27:54","guid":{"rendered":"http:\/\/krysztofiak.pl\/?page_id=318"},"modified":"2024-11-27T23:07:48","modified_gmt":"2024-11-27T23:07:48","slug":"kontakt","status":"publish","type":"page","link":"https:\/\/krysztofiak.pl\/?page_id=318","title":{"rendered":"Kontakt"},"content":{"rendered":"<p><strong>Je\u015bli potrzebujesz pomocy w dziedzinie prawa pracy, dzia\u0142alno\u015bci zwi\u0105zk\u00f3w zawodowych lub zatrudnienia skontaktuj si\u0119 z nami ju\u017c dzi\u015b i zyskaj partnera w pracy!<\/strong><\/p>\n<p><strong>P&amp;P Krysztofiak Sp. z o.o.<\/strong> z siedzib\u0105 w Poznaniu<\/p>\n<p>ul. Wyspia\u0144skiego 14\/37, 60-750 Pozna\u0144<\/p>\n<p><span style=\"font-size: revert; color: revert;\">tel kom:<\/span><a href=\"tel:+48531021531%E2%80%AC\" style=\"font-size: revert;\"><strong>+ 48 531 021 531<\/strong><\/a><\/p>\n<p><span style=\"font-size: revert; color: revert;\">tel:<\/span><strong><a href=\"tel:+48618221590%E2%80%AC\" style=\"font-size: revert;\">+ 48 61 822 15 90<\/a><\/strong><\/p>\n<p><span style=\"font-size: revert; color: revert;\">e-mail: <\/span><strong><a href=\"mailto:pp@krysztofiak.pl\" style=\"font-size: revert;\">pp@krysztofiak.pl<\/a><\/strong><\/p>\n<p><\/p>\n\n\n<figure class=\"wp-block-image alignfull size-full\"><img decoding=\"async\" loading=\"lazy\" width=\"1018\" height=\"990\" src=\"http:\/\/krysztofiak.pl\/wp-content\/uploads\/2023\/07\/kontakt.png\" alt=\"\" class=\"wp-image-381\" srcset=\"https:\/\/krysztofiak.pl\/wp-content\/uploads\/2023\/07\/kontakt.png 1018w, https:\/\/krysztofiak.pl\/wp-content\/uploads\/2023\/07\/kontakt-300x292.png 300w, https:\/\/krysztofiak.pl\/wp-content\/uploads\/2023\/07\/kontakt-768x747.png 768w\" sizes=\"(max-width: 1018px) 100vw, 1018px\" \/><\/figure>\n","protected":false},"excerpt":{"rendered":"<p>Je\u015bli potrzebujesz pomocy w dziedzinie prawa pracy, dzia\u0142alno\u015bci zwi\u0105zk\u00f3w zawodowych lub zatrudnienia skontaktuj si\u0119 z nami ju\u017c dzi\u015b i zyskaj partnera w pracy! P&amp;P Krysztofiak Sp. z o.o. z siedzib\u0105 w Poznaniu ul. Wyspia\u0144skiego 14\/37, 60-750 Pozna\u0144 tel kom:+ 48 531 021 531 tel:+ 48 61 822 15 90 e-mail:<a class=\"moretag\" href=\"https:\/\/krysztofiak.pl\/?page_id=318\"> Czytaj wi\u0119cej<\/a><\/p>\n","protected":false},"author":1,"featured_media":0,"parent":325,"menu_order":0,"comment_status":"closed","ping_status":"closed","template":"","meta":[],"_links":{"self":[{"href":"https:\/\/krysztofiak.pl\/index.php?rest_route=\/wp\/v2\/pages\/318"}],"collection":[{"href":"https:\/\/krysztofiak.pl\/index.php?rest_route=\/wp\/v2\/pages"}],"about":[{"href":"https:\/\/krysztofiak.pl\/index.php?rest_route=\/wp\/v2\/types\/page"}],"author":[{"embeddable":true,"href":"https:\/\/krysztofiak.pl\/index.php?rest_route=\/wp\/v2\/users\/1"}],"replies":[{"embeddable":true,"href":"https:\/\/krysztofiak.pl\/index.php?rest_route=%2Fwp%2Fv2%2Fcomments&post=318"}],"version-history":[{"count":18,"href":"https:\/\/krysztofiak.pl\/index.php?rest_route=\/wp\/v2\/pages\/318\/revisions"}],"predecessor-version":[{"id":745,"href":"https:\/\/krysztofiak.pl\/index.php?rest_route=\/wp\/v2\/pages\/318\/revisions\/745"}],"up":[{"embeddable":true,"href":"https:\/\/krysztofiak.pl\/index.php?rest_route=\/wp\/v2\/pages\/325"}],"wp:attachment":[{"href":"https:\/\/krysztofiak.pl\/index.php?rest_route=%2Fwp%2Fv2%2Fmedia&parent=318"}],"curies":[{"name":"wp","href":"https:\/\/api.w.org\/{rel}","templated":true}]}}